{"id":2,"date":"2026-04-11T10:12:28","date_gmt":"2026-04-11T10:12:28","guid":{"rendered":"http:\/\/luxurymotomaroc.com\/?page_id=2"},"modified":"2026-04-11T19:30:49","modified_gmt":"2026-04-11T19:30:49","slug":"sample-page","status":"publish","type":"page","link":"https:\/\/luxurymotomaroc.com\/","title":{"rendered":""},"content":{"rendered":"\t\t<div data-elementor-type=\"wp-page\" data-elementor-id=\"2\" class=\"elementor elementor-2\" data-elementor-post-type=\"page\">\n\t\t\t\t<div class=\"elementor-element elementor-element-d888d68 e-flex e-con-boxed e-con e-parent\" data-id=\"d888d68\" data-element_type=\"container\" data-e-type=\"container\" data-settings=\"{&quot;background_background&quot;:&quot;slideshow&quot;,&quot;background_slideshow_gallery&quot;:[{&quot;id&quot;:21,&quot;url&quot;:&quot;http:\\\/\\\/luxurymotomaroc.com\\\/wp-content\\\/uploads\\\/2026\\\/04\\\/luxury-moto-maroc-desert-1.jpg&quot;}],&quot;background_slideshow_loop&quot;:&quot;yes&quot;,&quot;background_slideshow_slide_duration&quot;:5000,&quot;background_slideshow_slide_transition&quot;:&quot;fade&quot;,&quot;background_slideshow_transition_duration&quot;:500}\">\n\t\t\t\t\t<div class=\"e-con-inner\">\n\t\t\t\t<div class=\"elementor-element elementor-element-09bbce0 elementor-widget elementor-widget-text-editor\" data-id=\"09bbce0\" data-element_type=\"widget\" data-e-type=\"widget\" data-widget_type=\"text-editor.default\">\n\t\t\t\t\t\t\t\t\t<p><strong>&nbsp;<\/strong><strong>&nbsp;&nbsp;<\/strong><\/p>\n<p><strong><br><\/strong><\/p>\n<p><strong><br><\/strong><\/p><p><strong>Luxury Moto Maroc<\/strong> <img decoding=\"async\" class=\"emoji\" role=\"img\" draggable=\"false\" src=\"https:\/\/s.w.org\/images\/core\/emoji\/17.0.2\/svg\/1f1f2-1f1e6.svg\" alt=\"\ud83c\uddf2\ud83c\udde6\" style=\"background-color: rgb(255, 255, 255);\"><\/p>\n<p><strong>&nbsp;<\/strong><\/p>\n<p><strong>L\u2019exp\u00e9rience ultime du voyage \u00e0 moto<\/strong><\/p>\n<p>Explorez le Maroc autrement, \u00e0 travers des itin\u00e9raires d\u2019exception con\u00e7us pour les passionn\u00e9s de libert\u00e9, de performance et de raffinement.<\/p>\n<p>Des routes mythiques de l\u2019Atlas aux \u00e9tendues infinies du d\u00e9sert, chaque parcours est une invitation \u00e0 vivre une aventure exclusive.<\/p>\n<p><strong><br><\/strong><\/p>\n<p><strong>Ouverture prochaine de notre nouveau site<\/strong><\/p>\t\t\t\t\t\t\t\t<\/div>\n\t\t\t\t\t<\/div>\n\t\t\t\t<\/div>\n\t\t<div class=\"elementor-element elementor-element-98fc31f e-flex e-con-boxed e-con e-parent\" data-id=\"98fc31f\" data-element_type=\"container\" data-e-type=\"container\">\n\t\t\t\t\t<div class=\"e-con-inner\">\n\t\t\t\t<div class=\"elementor-element elementor-element-865dba9 elementor-widget elementor-widget-text-editor\" data-id=\"865dba9\" data-element_type=\"widget\" data-e-type=\"widget\" data-widget_type=\"text-editor.default\">\n\t\t\t\t\t\t\t\t\t<a href=\"https:\/\/wa.me\/33659274357?text=Bonjour%20je%20souhaite%20des%20informations%20sur%20Luxury%20Moto%20Maroc\" \nclass=\"lmm-wa\" target=\"_blank\">\n\n\ud83d\udcac\n<span class=\"pulse\"><\/span>\n\n<\/a>\n\n<style>\n.lmm-wa {\n    position: fixed;\n    bottom: 25px;\n    right: 25px;\n    width: 60px;\n    height: 60px;\n    background: #0A0A0A;\n    color: #C8A95D;\n    border-radius: 50%;\n    display: flex;\n    align-items: center;\n    justify-content: center;\n    font-size: 24px;\n    text-decoration: none;\n    box-shadow: 0 15px 35px rgba(0,0,0,0.35);\n    border: 1px solid #C8A95D;\n    z-index: 9999;\n    transition: all 0.3s ease;\n    overflow: visible;\n}\n\n\/* Hover luxe *\/\n.lmm-wa:hover {\n    transform: scale(1.15) rotate(5deg);\n    background: #111111;\n}\n\n\/* Animation pulse *\/\n.lmm-wa .pulse {\n    position: absolute;\n    width: 100%;\n    height: 100%;\n    border-radius: 50%;\n    border: 2px solid #C8A95D;\n    animation: pulse 1.8s infinite;\n    opacity: 0.6;\n}\n\n@keyframes pulse {\n    0% {\n        transform: scale(1);\n        opacity: 0.6;\n    }\n    70% {\n        transform: scale(1.6);\n        opacity: 0;\n    }\n    100% {\n        transform: scale(1.6);\n        opacity: 0;\n    }\n}\n<\/style>\n\n\t\t\t\t\t\t\t\t<\/div>\n\t\t\t\t\t<\/div>\n\t\t\t\t<\/div>\n\t\t\t\t<\/div>\n\t\t","protected":false},"excerpt":{"rendered":"<p>&nbsp;&nbsp;&nbsp; Luxury Moto Maroc &nbsp; L\u2019exp\u00e9rience ultime du voyage \u00e0 moto Explorez le Maroc autrement, \u00e0 travers des itin\u00e9raires d\u2019exception con\u00e7us pour les passionn\u00e9s de libert\u00e9, de performance et de raffinement. Des routes mythiques de l\u2019Atlas aux \u00e9tendues infinies du d\u00e9sert, chaque parcours est une invitation \u00e0 vivre une aventure exclusive. Ouverture prochaine de notre [&hellip;]<\/p>\n","protected":false},"author":1,"featured_media":0,"parent":0,"menu_order":0,"comment_status":"closed","ping_status":"closed","template":"elementor_header_footer","meta":{"footnotes":""},"class_list":["post-2","page","type-page","status-publish","hentry"],"_links":{"self":[{"href":"https:\/\/luxurymotomaroc.com\/index.php\/wp-json\/wp\/v2\/pages\/2","targetHints":{"allow":["GET"]}}],"collection":[{"href":"https:\/\/luxurymotomaroc.com\/index.php\/wp-json\/wp\/v2\/pages"}],"about":[{"href":"https:\/\/luxurymotomaroc.com\/index.php\/wp-json\/wp\/v2\/types\/page"}],"author":[{"embeddable":true,"href":"https:\/\/luxurymotomaroc.com\/index.php\/wp-json\/wp\/v2\/users\/1"}],"replies":[{"embeddable":true,"href":"https:\/\/luxurymotomaroc.com\/index.php\/wp-json\/wp\/v2\/comments?post=2"}],"version-history":[{"count":32,"href":"https:\/\/luxurymotomaroc.com\/index.php\/wp-json\/wp\/v2\/pages\/2\/revisions"}],"predecessor-version":[{"id":102,"href":"https:\/\/luxurymotomaroc.com\/index.php\/wp-json\/wp\/v2\/pages\/2\/revisions\/102"}],"wp:attachment":[{"href":"https:\/\/luxurymotomaroc.com\/index.php\/wp-json\/wp\/v2\/media?parent=2"}],"curies":[{"name":"wp","href":"https:\/\/api.w.org\/{rel}","templated":true}]}}